{"id":212,"date":"2012-10-22T12:11:15","date_gmt":"2012-10-22T12:11:15","guid":{"rendered":"http:\/\/template-demos.com\/wp\/WP01\/WP010005\/?page_id=4"},"modified":"2020-08-03T09:32:57","modified_gmt":"2020-08-03T09:32:57","slug":"inicio","status":"publish","type":"page","link":"https:\/\/ferreteriaplaza.com\/","title":{"rendered":"Inicio"},"content":{"rendered":"<p>[vc_row css_animation=&#8221;fadeInUp&#8221; el_class=&#8221;theme-container&#8221; css=&#8221;.vc_custom_1592318314164{margin-top: 20px !important;margin-bottom: 20px !important;}&#8221;][vc_column]\n\t\t\t<!-- START tmpmela_homeslider_layout5 REVOLUTION SLIDER 6.2.9 --><p class=\"rs-p-wp-fix\"><\/p>\n\t\t\t<rs-module-wrap id=\"rev_slider_1_1_wrapper\" data-source=\"gallery\" style=\"background:#f5f5f5;padding:0;margin:0px auto;margin-top:0;margin-bottom:0;max-width:none;\">\n\t\t\t\t<rs-module id=\"rev_slider_1_1\" style=\"\" data-version=\"6.2.9\">\n\t\t\t\t\t<rs-slides>\n\t\t\t\t\t\t<rs-slide data-key=\"rs-1\" data-title=\"Gadgets\" data-thumb=\"\/\/ferreteriaplaza.com\/wp-content\/uploads\/2020\/06\/Bosch_tootja_foto_1_1-1-100x50.jpg\" data-anim=\"ei:d,d,d;eo:d,d,d;s:1080,d,d;r:0,0,0;t:slideremoveleft,slideremoveright,slotfade-horizontal;sl:d,d,d;\">\n\t\t\t\t\t\t\t<img src=\"\/\/ferreteriaplaza.com\/wp-content\/uploads\/2020\/06\/Bosch_tootja_foto_1_1-1.jpg\" title=\"Bosch_tootja_foto_1_1\" width=\"850\" height=\"350\" data-bg=\"f:100% 100%;\" class=\"rev-slidebg\" data-no-retina>\n<!--\n\t\t\t\t\t\t\t--><rs-layer\n\t\t\t\t\t\t\t\tid=\"slider-1-slide-1-layer-2\" \n\t\t\t\t\t\t\t\tdata-type=\"text\"\n\t\t\t\t\t\t\t\tdata-color=\"#000000\"\n\t\t\t\t\t\t\t\tdata-rsp_ch=\"on\"\n\t\t\t\t\t\t\t\tdata-xy=\"x:l,l,l,c;xo:608px,70px,467px,47px;yo:180px,158px,165px,156px;\"\n\t\t\t\t\t\t\t\tdata-text=\"w:nowrap;s:35,40,40,40;l:35,40,40,40;ls:1px;a:center;\"\n\t\t\t\t\t\t\t\tdata-frame_0=\"sX:0.8;sY:0.8;\"\n\t\t\t\t\t\t\t\tdata-frame_1=\"e:power4.out;st:370;sp:500;sR:370;\"\n\t\t\t\t\t\t\t\tdata-frame_999=\"sX:0.7;sY:0.7;o:0;rZ:0deg;e:back.in;st:8900;sR:8030;\"\n\t\t\t\t\t\t\t\tdata-frame_999_mask=\"u:t;\"\n\t\t\t\t\t\t\t\tstyle=\"z-index:10;font-family:Fira Sans Extra Condensed;\"\n\t\t\t\t\t\t\t>\n\t\t\t\t\t\t\t\t<div class=\"rs-untoggled-content\">Descubre nuestra<br \/>\ncolecci\u00f3n <\/div>\n\t\t\t\t\t\t\t\t<div class=\"rs-toggled-content\"><\/div>\n\t\t\t\t\t\t\t<\/rs-layer><!--\n\n\t\t\t\t\t\t\t--><rs-layer\n\t\t\t\t\t\t\t\tid=\"slider-1-slide-1-layer-3\" \n\t\t\t\t\t\t\t\tdata-type=\"text\"\n\t\t\t\t\t\t\t\tdata-color=\"#000000\"\n\t\t\t\t\t\t\t\tdata-rsp_ch=\"on\"\n\t\t\t\t\t\t\t\tdata-xy=\"x:l,l,l,c;xo:517px,70px,366px,37px;yo:120px,199px,110px,108px;\"\n\t\t\t\t\t\t\t\tdata-text=\"s:41,40,40,40;l:45,40,40,40;fw:700;a:inherit;\"\n\t\t\t\t\t\t\t\tdata-dim=\"w:auto,auto,390px,390px;\"\n\t\t\t\t\t\t\t\tdata-frame_0=\"sX:0.9;sY:0.9;\"\n\t\t\t\t\t\t\t\tdata-frame_1=\"e:power2.out;st:390;sp:500;sR:390;\"\n\t\t\t\t\t\t\t\tdata-frame_999=\"x:50;o:0;st:w;sR:8110;\"\n\t\t\t\t\t\t\t\tstyle=\"z-index:9;font-family:Roboto;\"\n\t\t\t\t\t\t\t>Herramienta el\u00e9ctrica \n\t\t\t\t\t\t\t<\/rs-layer><!--\n\n\t\t\t\t\t\t\t--><rs-layer\n\t\t\t\t\t\t\t\tid=\"slider-1-slide-1-layer-19\" \n\t\t\t\t\t\t\t\tclass=\"rev-btn\"\n\t\t\t\t\t\t\t\tdata-type=\"button\"\n\t\t\t\t\t\t\t\tdata-rsp_ch=\"on\"\n\t\t\t\t\t\t\t\tdata-xy=\"x:r,r,r,c;xo:68px,68px,43px,105px;y:b;yo:77px,77px,84px,26px;\"\n\t\t\t\t\t\t\t\tdata-text=\"w:normal;s:14,14,11,12;l:16,16,13,13;\"\n\t\t\t\t\t\t\t\tdata-dim=\"minh:0px,none,none,none;\"\n\t\t\t\t\t\t\t\tdata-basealign=\"slide\"\n\t\t\t\t\t\t\t\tdata-padding=\"t:10,10,8,10;r:30,30,25,20;b:10,10,8,10;l:30,30,25,20;\"\n\t\t\t\t\t\t\t\tdata-border=\"bor:5px,5px,5px,5px;\"\n\t\t\t\t\t\t\t\tdata-frame_1=\"st:380;sp:500;sR:380;\"\n\t\t\t\t\t\t\t\tdata-frame_999=\"o:0;st:w;sR:8120;\"\n\t\t\t\t\t\t\t\tdata-frame_hover=\"bgc:#000;bor:5px,5px,5px,5px;sp:100;e:power1.inOut;bri:120%;\"\n\t\t\t\t\t\t\t\tstyle=\"z-index:8;background-color:#0088cc;font-family:Roboto;\"\n\t\t\t\t\t\t\t>COMPRAR <br \/>\n \n\t\t\t\t\t\t\t<\/rs-layer><!--\n-->\t\t\t\t\t\t<\/rs-slide>\n\t\t\t\t\t\t<rs-slide data-key=\"rs-4\" data-title=\"Gadgets\" data-thumb=\"\/\/ferreteriaplaza.com\/wp-content\/uploads\/2020\/06\/segyrudad-100x50.jpg\" data-anim=\"ei:d,d,d;eo:d,d,d;s:1080,d,d;r:0,0,0;t:slideremoveleft,slideremoveright,slotfade-horizontal;sl:d,d,d;\">\n\t\t\t\t\t\t\t<img src=\"\/\/ferreteriaplaza.com\/wp-content\/uploads\/2020\/06\/segyrudad.jpg\" title=\"segyrudad\" width=\"1189\" height=\"792\" data-bg=\"f:auto;\" class=\"rev-slidebg\" data-no-retina>\n<!--\n\t\t\t\t\t\t\t--><rs-layer\n\t\t\t\t\t\t\t\tid=\"slider-1-slide-4-layer-2\" \n\t\t\t\t\t\t\t\tdata-type=\"text\"\n\t\t\t\t\t\t\t\tdata-rsp_ch=\"on\"\n\t\t\t\t\t\t\t\tdata-xy=\"x:l,l,l,c;xo:487px,470px,360px,106px;yo:265px,267px,252px,257px;\"\n\t\t\t\t\t\t\t\tdata-text=\"w:nowrap;s:35,40,40,35;l:35,40,40,40;ls:1px;a:center;\"\n\t\t\t\t\t\t\t\tdata-frame_0=\"sX:0.8;sY:0.8;\"\n\t\t\t\t\t\t\t\tdata-frame_1=\"e:power4.out;st:370;sp:500;sR:370;\"\n\t\t\t\t\t\t\t\tdata-frame_999=\"sX:0.7;sY:0.7;o:0;rZ:0deg;e:back.in;st:8900;sR:8030;\"\n\t\t\t\t\t\t\t\tdata-frame_999_mask=\"u:t;\"\n\t\t\t\t\t\t\t\tstyle=\"z-index:10;font-family:Fira Sans Extra Condensed;\"\n\t\t\t\t\t\t\t>\n\t\t\t\t\t\t\t\t<div class=\"rs-untoggled-content\">T\u00fa seguridad<br \/>\nnos importa <\/div>\n\t\t\t\t\t\t\t\t<div class=\"rs-toggled-content\"><\/div>\n\t\t\t\t\t\t\t<\/rs-layer><!--\n\n\t\t\t\t\t\t\t--><rs-layer\n\t\t\t\t\t\t\t\tid=\"slider-1-slide-4-layer-3\" \n\t\t\t\t\t\t\t\tdata-type=\"text\"\n\t\t\t\t\t\t\t\tdata-rsp_ch=\"on\"\n\t\t\t\t\t\t\t\tdata-xy=\"x:l,l,l,c;xo:420px,413px,315px,59px;yo:182px,190px,192px,191px;\"\n\t\t\t\t\t\t\t\tdata-text=\"s:41,40,40,40;l:45,40,40,40;fw:700;a:inherit;\"\n\t\t\t\t\t\t\t\tdata-frame_0=\"sX:0.9;sY:0.9;\"\n\t\t\t\t\t\t\t\tdata-frame_1=\"e:power2.out;st:390;sp:500;sR:390;\"\n\t\t\t\t\t\t\t\tdata-frame_999=\"x:50;o:0;st:w;sR:8110;\"\n\t\t\t\t\t\t\t\tstyle=\"z-index:9;font-family:Roboto;\"\n\t\t\t\t\t\t\t>Protecci\u00f3n laboral \n\t\t\t\t\t\t\t<\/rs-layer><!--\n\n\t\t\t\t\t\t\t--><rs-layer\n\t\t\t\t\t\t\t\tid=\"slider-1-slide-4-layer-19\" \n\t\t\t\t\t\t\t\tclass=\"rev-btn\"\n\t\t\t\t\t\t\t\tdata-type=\"button\"\n\t\t\t\t\t\t\t\tdata-rsp_ch=\"on\"\n\t\t\t\t\t\t\t\tdata-xy=\"x:r,r,r,c;xo:127px,150px,82px,99px;y:b;yo:46px,54px,39px,52px;\"\n\t\t\t\t\t\t\t\tdata-text=\"w:normal;s:14,14,11,12;l:16,16,13,13;\"\n\t\t\t\t\t\t\t\tdata-dim=\"minh:0px,none,none,none;\"\n\t\t\t\t\t\t\t\tdata-basealign=\"slide\"\n\t\t\t\t\t\t\t\tdata-padding=\"t:10,10,8,10;r:30,30,25,20;b:10,10,8,10;l:30,30,25,20;\"\n\t\t\t\t\t\t\t\tdata-border=\"bor:5px,5px,5px,5px;\"\n\t\t\t\t\t\t\t\tdata-frame_1=\"st:380;sp:500;sR:380;\"\n\t\t\t\t\t\t\t\tdata-frame_999=\"o:0;st:w;sR:8120;\"\n\t\t\t\t\t\t\t\tdata-frame_hover=\"bgc:#000;bor:5px,5px,5px,5px;sp:100;e:power1.inOut;bri:120%;\"\n\t\t\t\t\t\t\t\tstyle=\"z-index:8;background-color:#0088cc;font-family:Roboto;\"\n\t\t\t\t\t\t\t>Prot\u00e9gete<br \/>\n \n\t\t\t\t\t\t\t<\/rs-layer><!--\n-->\t\t\t\t\t\t<\/rs-slide>\n\t\t\t\t\t\t<rs-slide data-key=\"rs-5\" data-title=\"Gadgets\" data-thumb=\"\/\/ferreteriaplaza.com\/wp-content\/uploads\/2020\/07\/calor-ola-de-calor-sueno-trastornos-del-sueno-salud-la-jungla-222489065-35929446-1024x576-1-100x50.jpg\" data-anim=\"ei:d,d,d;eo:d,d,d;s:1080,d,d;r:0,0,0;t:slideremoveleft,slideremoveright,slotfade-horizontal;sl:d,d,d;\">\n\t\t\t\t\t\t\t<img src=\"\/\/ferreteriaplaza.com\/wp-content\/uploads\/2020\/07\/calor-ola-de-calor-sueno-trastornos-del-sueno-salud-la-jungla-222489065-35929446-1024x576-1.jpg\" title=\"calor-ola-de-calor-sueno-trastornos-del-sueno-salud-la-jungla-222489065-35929446-1024&#215;576\" width=\"1024\" height=\"576\" data-bg=\"f:100% 100%;\" class=\"rev-slidebg\" data-no-retina>\n<!--\n\t\t\t\t\t\t\t--><rs-layer\n\t\t\t\t\t\t\t\tid=\"slider-1-slide-5-layer-2\" \n\t\t\t\t\t\t\t\tdata-type=\"text\"\n\t\t\t\t\t\t\t\tdata-color=\"#000000\"\n\t\t\t\t\t\t\t\tdata-rsp_ch=\"on\"\n\t\t\t\t\t\t\t\tdata-xy=\"x:l,l,l,c;xo:380px,473px,384px,5px;yo:177px,179px,157px,142px;\"\n\t\t\t\t\t\t\t\tdata-text=\"w:nowrap;s:24,24,24,24;l:28,40,40,40;ls:1;a:center;\"\n\t\t\t\t\t\t\t\tdata-frame_0=\"sX:0.8;sY:0.8;\"\n\t\t\t\t\t\t\t\tdata-frame_1=\"e:power4.out;st:370;sp:500;sR:370;\"\n\t\t\t\t\t\t\t\tdata-frame_999=\"sX:0.7;sY:0.7;o:0;rZ:0deg;e:back.in;st:8900;sR:8030;\"\n\t\t\t\t\t\t\t\tdata-frame_999_mask=\"u:t;\"\n\t\t\t\t\t\t\t\tstyle=\"z-index:10;font-family:Fira Sans Extra Condensed;\"\n\t\t\t\t\t\t\t>\n\t\t\t\t\t\t\t\t<div class=\"rs-untoggled-content\">Que el calor te pille bailando <\/div>\n\t\t\t\t\t\t\t\t<div class=\"rs-toggled-content\"><\/div>\n\t\t\t\t\t\t\t<\/rs-layer><!--\n\n\t\t\t\t\t\t\t--><rs-layer\n\t\t\t\t\t\t\t\tid=\"slider-1-slide-5-layer-3\" \n\t\t\t\t\t\t\t\tdata-type=\"text\"\n\t\t\t\t\t\t\t\tdata-color=\"#000000\"\n\t\t\t\t\t\t\t\tdata-rsp_ch=\"on\"\n\t\t\t\t\t\t\t\tdata-xy=\"x:l,l,l,c;xo:403px,492px,393px,6px;yo:106px,115px,107px,84px;\"\n\t\t\t\t\t\t\t\tdata-text=\"s:41,40,40,40;l:45,40,40,40;fw:700;a:inherit;\"\n\t\t\t\t\t\t\t\tdata-frame_0=\"sX:0.9;sY:0.9;\"\n\t\t\t\t\t\t\t\tdata-frame_1=\"e:power2.out;st:390;sp:500;sR:390;\"\n\t\t\t\t\t\t\t\tdata-frame_999=\"x:50;o:0;st:w;sR:8110;\"\n\t\t\t\t\t\t\t\tstyle=\"z-index:9;font-family:Roboto;\"\n\t\t\t\t\t\t\t>Climatizaci\u00f3n \n\t\t\t\t\t\t\t<\/rs-layer><!--\n\n\t\t\t\t\t\t\t--><rs-layer\n\t\t\t\t\t\t\t\tid=\"slider-1-slide-5-layer-19\" \n\t\t\t\t\t\t\t\tclass=\"rev-btn\"\n\t\t\t\t\t\t\t\tdata-type=\"button\"\n\t\t\t\t\t\t\t\tdata-rsp_ch=\"on\"\n\t\t\t\t\t\t\t\tdata-xy=\"x:r,r,r,c;xo:45px,45px,214px,-7px;y:b;yo:73px,73px,204px,200px;\"\n\t\t\t\t\t\t\t\tdata-text=\"w:normal;s:14,14,11,12;l:16,16,13,13;\"\n\t\t\t\t\t\t\t\tdata-dim=\"minh:0px,none,none,none;\"\n\t\t\t\t\t\t\t\tdata-basealign=\"slide\"\n\t\t\t\t\t\t\t\tdata-padding=\"t:10,10,8,10;r:30,30,25,20;b:10,10,8,10;l:30,30,25,20;\"\n\t\t\t\t\t\t\t\tdata-border=\"bor:5px,5px,5px,5px;\"\n\t\t\t\t\t\t\t\tdata-frame_1=\"st:380;sp:500;sR:380;\"\n\t\t\t\t\t\t\t\tdata-frame_999=\"o:0;st:w;sR:8120;\"\n\t\t\t\t\t\t\t\tdata-frame_hover=\"bgc:#000;bor:5px,5px,5px,5px;sp:100;e:power1.inOut;bri:120%;\"\n\t\t\t\t\t\t\t\tstyle=\"z-index:8;background-color:#0088cc;font-family:Roboto;\"\n\t\t\t\t\t\t\t>Comprar<br \/>\n \n\t\t\t\t\t\t\t<\/rs-layer><!--\n-->\t\t\t\t\t\t<\/rs-slide>\n\t\t\t\t\t<\/rs-slides>\n\t\t\t\t<\/rs-module>\n\t\t\t\t<script type=\"text\/javascript\">\n\t\t\t\t\tsetREVStartSize({c: 'rev_slider_1_1',rl:[1240,1024,778,480],el:[460,460,460,460],gw:[930,930,767,480],gh:[460,460,460,460],type:'standard',justify:'',layout:'fullwidth',mh:\"0\"});\n\t\t\t\t\tvar\trevapi1,\n\t\t\t\t\t\ttpj;\n\t\t\t\t\tjQuery(function() {\n\t\t\t\t\t\ttpj = jQuery;\n\t\t\t\t\t\trevapi1 = tpj(\"#rev_slider_1_1\")\n\t\t\t\t\t\tif(revapi1==undefined || revapi1.revolution == undefined){\n\t\t\t\t\t\t\trevslider_showDoubleJqueryError(\"rev_slider_1_1\");\n\t\t\t\t\t\t}else{\n\t\t\t\t\t\t\trevapi1.revolution({\n\t\t\t\t\t\t\t\tvisibilityLevels:\"1240,1024,778,480\",\n\t\t\t\t\t\t\t\tgridwidth:\"930,930,767,480\",\n\t\t\t\t\t\t\t\tgridheight:\"460,460,460,460\",\n\t\t\t\t\t\t\t\tspinner:\"spinner4\",\n\t\t\t\t\t\t\t\tperspective:600,\n\t\t\t\t\t\t\t\tperspectiveType:\"local\",\n\t\t\t\t\t\t\t\teditorheight:\"460,460,460,460\",\n\t\t\t\t\t\t\t\tresponsiveLevels:\"1240,1024,778,480\",\n\t\t\t\t\t\t\t\tprogressBar:{disableProgressBar:true},\n\t\t\t\t\t\t\t\tnavigation: {\n\t\t\t\t\t\t\t\t\tmouseScrollNavigation:false,\n\t\t\t\t\t\t\t\t\tonHoverStop:false,\n\t\t\t\t\t\t\t\t\tarrows: {\n\t\t\t\t\t\t\t\t\t\tenable:true,\n\t\t\t\t\t\t\t\t\t\tstyle:\"hesperiden\",\n\t\t\t\t\t\t\t\t\t\thide_onmobile:true,\n\t\t\t\t\t\t\t\t\t\thide_under:767,\n\t\t\t\t\t\t\t\t\t\thide_onleave:true,\n\t\t\t\t\t\t\t\t\t\thide_delay:20,\n\t\t\t\t\t\t\t\t\t\trtl:true,\n\t\t\t\t\t\t\t\t\t\tleft: {\n\t\t\t\t\t\t\t\t\t\t\tanim:\"left\",\n\t\t\t\t\t\t\t\t\t\t\tcontainer:\"layergrid\",\n\t\t\t\t\t\t\t\t\t\t\th_offset:30\n\t\t\t\t\t\t\t\t\t\t},\n\t\t\t\t\t\t\t\t\t\tright: {\n\t\t\t\t\t\t\t\t\t\t\tanim:\"right\",\n\t\t\t\t\t\t\t\t\t\t\tcontainer:\"layergrid\",\n\t\t\t\t\t\t\t\t\t\t\th_offset:30\n\t\t\t\t\t\t\t\t\t\t}\n\t\t\t\t\t\t\t\t\t},\n\t\t\t\t\t\t\t\t\tbullets: {\n\t\t\t\t\t\t\t\t\t\tenable:true,\n\t\t\t\t\t\t\t\t\t\ttmp:\"\",\n\t\t\t\t\t\t\t\t\t\tstyle:\"custom\",\n\t\t\t\t\t\t\t\t\t\thide_over:767,\n\t\t\t\t\t\t\t\t\t\thide_onleave:true,\n\t\t\t\t\t\t\t\t\t\tcontainer:\"layergrid\"\n\t\t\t\t\t\t\t\t\t}\n\t\t\t\t\t\t\t\t},\n\t\t\t\t\t\t\t\tviewPort: {\n\t\t\t\t\t\t\t\t\tenable:true,\n\t\t\t\t\t\t\t\t\tvisible_area:\"20%\"\n\t\t\t\t\t\t\t\t},\n\t\t\t\t\t\t\t\tfallbacks: {\n\t\t\t\t\t\t\t\t\tdisableFocusListener:true,\n\t\t\t\t\t\t\t\t\tallowHTML5AutoPlayOnAndroid:true\n\t\t\t\t\t\t\t\t},\n\t\t\t\t\t\t\t});\n\t\t\t\t\t\t}\n\t\t\t\t\t\t\n\t\t\t\t\t});\n\t\t\t\t<\/script>\n\t\t\t\t<script>\n\t\t\t\t\tvar htmlDivCss = '\t#rev_slider_1_1_wrapper rs-loader.spinner4 div { background-color: #0088cc !important; } ';\n\t\t\t\t\tvar htmlDiv = document.getElementById('rs-plugin-settings-inline-css');\n\t\t\t\t\tif(htmlDiv) {\n\t\t\t\t\t\thtmlDiv.innerHTML = htmlDiv.innerHTML + htmlDivCss;\n\t\t\t\t\t}else{\n\t\t\t\t\t\tvar htmlDiv = document.createElement('div');\n\t\t\t\t\t\thtmlDiv.innerHTML = '<style>' + htmlDivCss + '<\/style>';\n\t\t\t\t\t\tdocument.getElementsByTagName('head')[0].appendChild(htmlDiv.childNodes[0]);\n\t\t\t\t\t}\n\t\t\t\t<\/script>\n\t\t\t\t<script>\n\t\t\t\t\tvar htmlDivCss = unescape(\"%23rev_slider_1_1_wrapper%20.hesperiden.tparrows%20%7B%0A%09cursor%3Apointer%3B%0A%09background%3Argba%280%2C0%2C0%2C0.5%29%3B%0A%09width%3A40px%3B%0A%09height%3A40px%3B%0A%09position%3Aabsolute%3B%0A%09display%3Ablock%3B%0A%09z-index%3A1000%3B%0A%20%20%20%20border-radius%3A%2050%25%3B%0A%7D%0A%23rev_slider_1_1_wrapper%20.hesperiden.tparrows%3Ahover%20%7B%0A%09background%3A%230088cc%3B%0A%7D%0A%23rev_slider_1_1_wrapper%20.hesperiden.tparrows%3Abefore%20%7B%0A%09font-family%3A%20%27revicons%27%3B%0A%09font-size%3A20px%3B%0A%09color%3A%23ffffff%3B%0A%09display%3Ablock%3B%0A%09line-height%3A%2040px%3B%0A%09text-align%3A%20center%3B%0A%7D%0A%23rev_slider_1_1_wrapper%20.hesperiden.tparrows.tp-leftarrow%3Abefore%20%7B%0A%09content%3A%20%27%5Ce82c%27%3B%0A%20%20%20%20margin-left%3A-3px%3B%0A%7D%0A%23rev_slider_1_1_wrapper%20.hesperiden.tparrows.tp-rightarrow%3Abefore%20%7B%0A%09content%3A%20%27%5Ce82d%27%3B%0A%20%20%20%20margin-right%3A-3px%3B%0A%7D%0A.custom.tp-bullets%20%7B%0A%7D%0A.custom.tp-bullets%3Abefore%20%7B%0A%09content%3A%27%20%27%3B%0A%09position%3Aabsolute%3B%0A%09width%3A100%25%3B%0A%09height%3A100%25%3B%0A%09background%3Atransparent%3B%0A%09padding%3A10px%3B%0A%09margin-left%3A-10px%3Bmargin-top%3A-10px%3B%0A%09box-sizing%3Acontent-box%3B%0A%7D%0A.custom%20.tp-bullet%20%7B%0A%09width%3A12px%3B%0A%09height%3A12px%3B%0A%09position%3Aabsolute%3B%0A%09background%3A%23aaa%3B%0A%20%20%20%20background%3Argba%28125%2C125%2C125%2C0.5%29%3B%0A%09cursor%3A%20pointer%3B%0A%09box-sizing%3Acontent-box%3B%0A%7D%0A.custom%20.tp-bullet%3Ahover%2C%0A.custom%20.tp-bullet.selected%20%7B%0A%09background%3Argb%28125%2C125%2C125%29%3B%0A%7D%0A.custom%20.tp-bullet-image%20%7B%0A%7D%0A.custom%20.tp-bullet-title%20%7B%0A%7D%0A%0A\");\n\t\t\t\t\tvar htmlDiv = document.getElementById('rs-plugin-settings-inline-css');\n\t\t\t\t\tif(htmlDiv) {\n\t\t\t\t\t\thtmlDiv.innerHTML = htmlDiv.innerHTML + htmlDivCss;\n\t\t\t\t\t}else{\n\t\t\t\t\t\tvar htmlDiv = document.createElement('div');\n\t\t\t\t\t\thtmlDiv.innerHTML = '<style>' + htmlDivCss + '<\/style>';\n\t\t\t\t\t\tdocument.getElementsByTagName('head')[0].appendChild(htmlDiv.childNodes[0]);\n\t\t\t\t\t}\n\t\t\t\t<\/script>\n\t\t\t\t<script>\n\t\t\t\t\tvar htmlDivCss = unescape(\"%0A%0A%0A%0A%0A%0A\");\n\t\t\t\t\tvar htmlDiv = document.getElementById('rs-plugin-settings-inline-css');\n\t\t\t\t\tif(htmlDiv) {\n\t\t\t\t\t\thtmlDiv.innerHTML = htmlDiv.innerHTML + htmlDivCss;\n\t\t\t\t\t}else{\n\t\t\t\t\t\tvar htmlDiv = document.createElement('div');\n\t\t\t\t\t\thtmlDiv.innerHTML = '<style>' + htmlDivCss + '<\/style>';\n\t\t\t\t\t\tdocument.getElementsByTagName('head')[0].appendChild(htmlDiv.childNodes[0]);\n\t\t\t\t\t}\n\t\t\t\t<\/script>\n\t\t\t<\/rs-module-wrap>\n\t\t\t<!-- END REVOLUTION SLIDER -->\n[\/vc_column][\/vc_row][vc_row css_animation=&#8221;none&#8221; el_class=&#8221;theme-container&#8221; css=&#8221;.vc_custom_1592319333662{margin-top: 20px !important;margin-bottom: 20px !important;}&#8221;][vc_column][vc_row_inner gap=&#8221;3&#8243;][vc_column_inner el_class=&#8221;tab-section&#8221;]<div class=\"shortcode-title left \"><h1 class=\"normal-title\">Categor\u00edas<\/h1><\/div>[\/vc_column_inner][\/vc_row_inner]<div class=\"woocommerce columns-5\">\t<ul class=\"products\" >\r\n<li class=\"product-category product first\">\n\t<\/li>\n<li class=\"product-category product\">\n\t<\/li>\n<li class=\"product-category product\">\n\t<\/li>\n<li class=\"product-category product\">\n\t<\/li>\n<li class=\"product-category product last\">\n\t<\/li>\n<li class=\"product-category product first\">\n\t<\/li>\n<li class=\"product-category product\">\n\t<\/li>\n<li class=\"product-category product\">\n\t<\/li>\n<li class=\"product-category product\">\n\t<\/li>\n<li class=\"product-category product last\">\n\t<\/li>\n<\/ul>\n<\/div>[\/vc_column][\/vc_row][vc_row el_class=&#8221;theme-container&#8221; css=&#8221;.vc_custom_1592319348723{padding-top: 50px !important;padding-bottom: 10px !important;}&#8221;][vc_column]<div class=\"shortcode-title left \"><h1 class=\"normal-title\">Nuestras marcas<\/h1><\/div>[vc_images_carousel images=&#8221;10568,10567,10588,10661,10595,10580,10601,10600,10599,10668,10670,10587,10602,10579,10578,10613,10585,10582,10569,10563,10591,10593,10573,10589,10584,10576,10575,10564,10652,10586,10572,10603,10574,10577,10562,10673,10666,10667,10669&#8243; img_size=&#8221;1200&#215;500&#8243; onclick=&#8221;link_no&#8221; speed=&#8221;1000&#8243; slides_per_view=&#8221;8&#8243; autoplay=&#8221;yes&#8221; hide_pagination_control=&#8221;yes&#8221; wrap=&#8221;yes&#8221; css=&#8221;.vc_custom_1593594677322{margin-top: 0px !important;padding-right: 10px !important;padding-left: 10px !important;}&#8221;][\/vc_column][\/vc_row][vc_row css_animation=&#8221;none&#8221; css=&#8221;.vc_custom_1592319325848{margin-top: 60px !important;margin-bottom: 0px !important;border-bottom-width: 1px !important;padding-bottom: 25px !important;border-bottom-color: #e2e2e2 !important;border-bottom-style: solid !important;}&#8221;][vc_column][vc_row_inner el_class=&#8221;theme-container&#8221;][vc_column_inner width=&#8221;1\/4&#8243;]<div class=\"service hb-animate-element bottom-to-top style-2\"><div class=\"service-content style-2\"><div class=\"icon\"><i class=\"service-icon fa fa-smile-o no-background\" style=\"color:#555555;\"><\/i><\/div><div class=\"service-desc\"><div class=\"title service-text\"><a href=\"\" target=\"_self\">100% Satisfacci\u00f3n<\/a><\/div><div class=\"description other-font\">\u00danete a nosotros<\/div><\/div><\/div><\/div>[\/vc_column_inner][vc_column_inner width=&#8221;1\/4&#8243;]<div class=\"service hb-animate-element bottom-to-top style-2\"><div class=\"service-content style-2\"><div class=\"icon\"><i class=\"service-icon fa fa-thumbs-o-up no-background\" style=\"color:#555555;\"><\/i><\/div><div class=\"service-desc\"><div class=\"title service-text\"><a href=\"\" target=\"_blank\">@ferreteriaplaza<\/a><\/div><div class=\"description other-font\">S\u00edguenos en Instagram<\/div><\/div><\/div><\/div>[\/vc_column_inner][vc_column_inner width=&#8221;1\/4&#8243;]<div class=\"service hb-animate-element bottom-to-top style-2\"><div class=\"service-content style-2\"><div class=\"icon\"><i class=\"service-icon fa fa-plane no-background\" style=\"color:#555555;\"><\/i><\/div><div class=\"service-desc\"><div class=\"title service-text\"><a href=\"\" target=\"_blank\">Env\u00edos en 48-72h<\/a><\/div><div class=\"description other-font\">Gastos de env\u00edo 4.80\u20ac<\/div><\/div><\/div><\/div>[\/vc_column_inner][vc_column_inner el_class=&#8221;last&#8221; width=&#8221;1\/4&#8243;]<div class=\"service hb-animate-element bottom-to-top style-2\"><div class=\"service-content style-2\"><div class=\"icon\"><i class=\"service-icon fa fa-usd no-background\" style=\"color:#555555;\"><\/i><\/div><div class=\"service-desc\"><div class=\"title service-text\"><a href=\"\" target=\"_blank\">Devoluciones<\/a><\/div><div class=\"description other-font\">14 d\u00edas desde su recepci\u00f3n<\/div><\/div><\/div><\/div>[\/vc_column_inner][\/vc_row_inner][\/vc_column][\/vc_row]<\/p>\n","protected":false},"excerpt":{"rendered":"<p>[vc_row css_animation=&#8221;fadeInUp&#8221; el_class=&#8221;theme-container&#8221; css=&#8221;.vc_custom_1592318314164{margin-top: 20px !important;margin-bottom: 20px !important;}&#8221;][vc_column][\/vc_column][\/vc_row][vc_row css_animation=&#8221;none&#8221; el_class=&#8221;theme-container&#8221; css=&#8221;.vc_custom_1592319333662{margin-top: 20px !important;margin-bottom: 20px !important;}&#8221;][vc_column][vc_row_inner gap=&#8221;3&#8243;][vc_column_inner el_class=&#8221;tab-section&#8221;][\/vc_column_inner][\/vc_row_inner][\/vc_column][\/vc_row][vc_row el_class=&#8221;theme-container&#8221; css=&#8221;.vc_custom_1592319348723{padding-top: 50px !important;padding-bottom: 10px !important;}&#8221;][vc_column][vc_images_carousel images=&#8221;10568,10567,10588,10661,10595,10580,10601,10600,10599,10668,10670,10587,10602,10579,10578,10613,10585,10582,10569,10563,10591,10593,10573,10589,10584,10576,10575,10564,10652,10586,10572,10603,10574,10577,10562,10673,10666,10667,10669&#8243; img_size=&#8221;1200&#215;500&#8243; onclick=&#8221;link_no&#8221; speed=&#8221;1000&#8243; slides_per_view=&#8221;8&#8243; autoplay=&#8221;yes&#8221; hide_pagination_control=&#8221;yes&#8221; wrap=&#8221;yes&#8221; css=&#8221;.vc_custom_1593594677322{margin-top: 0px !important;padding-right: 10px !important;padding-left: 10px !important;}&#8221;][\/vc_column][\/vc_row][vc_row css_animation=&#8221;none&#8221; css=&#8221;.vc_custom_1592319325848{margin-top: 60px !important;margin-bottom: 0px !important;border-bottom-width: 1px !important;padding-bottom: 25px !important;border-bottom-color: #e2e2e2 !important;border-bottom-style: solid !important;}&#8221;][vc_column][vc_row_inner el_class=&#8221;theme-container&#8221;][vc_column_inner width=&#8221;1\/4&#8243;][\/vc_column_inner][vc_column_inner width=&#8221;1\/4&#8243;][\/vc_column_inner][vc_column_inner [&hellip;]<\/p>\n","protected":false},"author":1,"featured_media":0,"parent":0,"menu_order":0,"comment_status":"closed","ping_status":"closed","template":"page-templates\/home.php","meta":[],"yoast_head":"<!-- This site is optimized with the Yoast SEO plugin v15.3 - https:\/\/yoast.com\/wordpress\/plugins\/seo\/ -->\n<title>Ferreteria Plaza | Donde encontrar\u00e1s todo lo que buscas.<\/title>\n<meta name=\"description\" content=\"Profesionales a tu servicio en Vigo. Encontrar\u00e1s una gran variedad de productos, herramientas, jardiner\u00eda, pintura, proteccion laboral, maquinar\u00eda...\" \/>\n<meta name=\"robots\" content=\"index, follow, max-snippet:-1, max-image-preview:large, max-video-preview:-1\" \/>\n<link rel=\"canonical\" href=\"https:\/\/ferreteriaplaza.com\/\" \/>\n<meta property=\"og:locale\" content=\"es_ES\" \/>\n<meta property=\"og:type\" content=\"article\" \/>\n<meta property=\"og:title\" content=\"Ferreteria Plaza | Donde encontrar\u00e1s todo lo que buscas.\" \/>\n<meta property=\"og:description\" content=\"Profesionales a tu servicio en Vigo. Encontrar\u00e1s una gran variedad de productos, herramientas, jardiner\u00eda, pintura, proteccion laboral, maquinar\u00eda...\" \/>\n<meta property=\"og:url\" content=\"https:\/\/ferreteriaplaza.com\/\" \/>\n<meta property=\"og:site_name\" content=\"Ferreteria Plaza\" \/>\n<meta property=\"article:modified_time\" content=\"2020-08-03T09:32:57+00:00\" \/>\n<meta name=\"twitter:card\" content=\"summary_large_image\" \/>\n<meta name=\"twitter:label1\" content=\"Escrito por\">\n\t<meta name=\"twitter:data1\" content=\"admin\">\n\t<meta name=\"twitter:label2\" content=\"Tiempo de lectura\">\n\t<meta name=\"twitter:data2\" content=\"1 minuto\">\n<script type=\"application\/ld+json\" class=\"yoast-schema-graph\">{\"@context\":\"https:\/\/schema.org\",\"@graph\":[{\"@type\":\"Organization\",\"@id\":\"https:\/\/ferreteriaplaza.com\/#organization\",\"name\":\"FERRETERIA PLAZA, S.L\",\"url\":\"https:\/\/ferreteriaplaza.com\/\",\"sameAs\":[],\"logo\":{\"@type\":\"ImageObject\",\"@id\":\"https:\/\/ferreteriaplaza.com\/#logo\",\"inLanguage\":\"es\",\"url\":\"https:\/\/ferreteriaplaza.com\/wp-content\/uploads\/2020\/06\/Logo-correcto1.jpg\",\"width\":1000,\"height\":600,\"caption\":\"FERRETERIA PLAZA, S.L\"},\"image\":{\"@id\":\"https:\/\/ferreteriaplaza.com\/#logo\"}},{\"@type\":\"WebSite\",\"@id\":\"https:\/\/ferreteriaplaza.com\/#website\",\"url\":\"https:\/\/ferreteriaplaza.com\/\",\"name\":\"Ferreteria Plaza\",\"description\":\"Tienda Online\",\"publisher\":{\"@id\":\"https:\/\/ferreteriaplaza.com\/#organization\"},\"potentialAction\":[{\"@type\":\"SearchAction\",\"target\":\"https:\/\/ferreteriaplaza.com\/?s={search_term_string}\",\"query-input\":\"required name=search_term_string\"}],\"inLanguage\":\"es\"},{\"@type\":\"WebPage\",\"@id\":\"https:\/\/ferreteriaplaza.com\/#webpage\",\"url\":\"https:\/\/ferreteriaplaza.com\/\",\"name\":\"Ferreteria Plaza | Donde encontrar\\u00e1s todo lo que buscas.\",\"isPartOf\":{\"@id\":\"https:\/\/ferreteriaplaza.com\/#website\"},\"datePublished\":\"2012-10-22T12:11:15+00:00\",\"dateModified\":\"2020-08-03T09:32:57+00:00\",\"description\":\"Profesionales a tu servicio en Vigo. Encontrar\\u00e1s una gran variedad de productos, herramientas, jardiner\\u00eda, pintura, proteccion laboral, maquinar\\u00eda...\",\"inLanguage\":\"es\",\"potentialAction\":[{\"@type\":\"ReadAction\",\"target\":[\"https:\/\/ferreteriaplaza.com\/\"]}]}]}<\/script>\n<!-- \/ Yoast SEO plugin. -->","_links":{"self":[{"href":"https:\/\/ferreteriaplaza.com\/index.php\/wp-json\/wp\/v2\/pages\/212"}],"collection":[{"href":"https:\/\/ferreteriaplaza.com\/index.php\/wp-json\/wp\/v2\/pages"}],"about":[{"href":"https:\/\/ferreteriaplaza.com\/index.php\/wp-json\/wp\/v2\/types\/page"}],"author":[{"embeddable":true,"href":"https:\/\/ferreteriaplaza.com\/index.php\/wp-json\/wp\/v2\/users\/1"}],"replies":[{"embeddable":true,"href":"https:\/\/ferreteriaplaza.com\/index.php\/wp-json\/wp\/v2\/comments?post=212"}],"version-history":[{"count":21,"href":"https:\/\/ferreteriaplaza.com\/index.php\/wp-json\/wp\/v2\/pages\/212\/revisions"}],"predecessor-version":[{"id":10705,"href":"https:\/\/ferreteriaplaza.com\/index.php\/wp-json\/wp\/v2\/pages\/212\/revisions\/10705"}],"wp:attachment":[{"href":"https:\/\/ferreteriaplaza.com\/index.php\/wp-json\/wp\/v2\/media?parent=212"}],"curies":[{"name":"wp","href":"https:\/\/api.w.org\/{rel}","templated":true}]}}